{"id":20,"date":"2022-08-21T08:14:18","date_gmt":"2022-08-21T08:14:18","guid":{"rendered":"http:\/\/164.92.175.95\/?page_id=20"},"modified":"2022-09-12T12:08:11","modified_gmt":"2022-09-12T12:08:11","slug":"unser-dirigent","status":"publish","type":"page","link":"https:\/\/jogr.ch\/index.php\/unser-dirigent\/","title":{"rendered":"Unser Dirigent"},"content":{"rendered":"\n<figure class=\"wp-block-image size-large\"><img loading=\"lazy\" decoding=\"async\" width=\"1024\" height=\"682\" src=\"https:\/\/jogr.ch\/wp-content\/uploads\/2022\/09\/5d6f1129-73e9-4819-b833-1ddeee9b23c5-1024x682.jpg\" alt=\"\" class=\"wp-image-82\" srcset=\"https:\/\/jogr.ch\/wp-content\/uploads\/2022\/09\/5d6f1129-73e9-4819-b833-1ddeee9b23c5-1024x682.jpg 1024w, https:\/\/jogr.ch\/wp-content\/uploads\/2022\/09\/5d6f1129-73e9-4819-b833-1ddeee9b23c5-300x200.jpg 300w, https:\/\/jogr.ch\/wp-content\/uploads\/2022\/09\/5d6f1129-73e9-4819-b833-1ddeee9b23c5-768x512.jpg 768w, https:\/\/jogr.ch\/wp-content\/uploads\/2022\/09\/5d6f1129-73e9-4819-b833-1ddeee9b23c5-1536x1023.jpg 1536w, https:\/\/jogr.ch\/wp-content\/uploads\/2022\/09\/5d6f1129-73e9-4819-b833-1ddeee9b23c5-450x300.jpg 450w, https:\/\/jogr.ch\/wp-content\/uploads\/2022\/09\/5d6f1129-73e9-4819-b833-1ddeee9b23c5.jpg 2048w\" sizes=\"auto, (max-width: 767px) 89vw, (max-width: 1000px) 54vw, (max-width: 1071px) 543px, 580px\" \/><figcaption>Mathias Kleib\u00f6hmer<\/figcaption><\/figure>\n\n\n\n<p>Der in Fidaz und Hinwil lebende Cellist Mathias Kleib\u00f6hmer leitet die Proben seit der Gr\u00fcndung des JOG &#8211; Junges Orchester Graub\u00fcnden. Er hilft uns, einen gemeinsamen Klang zu finden und unsere Intonation und Artikulation zu verbessern. Seine vielen Erfahrungen, die er bereits sammeln konnte, gibt er uns weiter und sorgt daf\u00fcr dass wir durch kleinere und gr\u00f6ssere Erfolge nie den Spass am \u00dcben verlieren.<\/p>\n\n\n\n<p>Kleib\u00f6hmer studierte bei Peter H\u00f6rr in Bern und bei Claude Starck, bei welchem er mit Lehrdiplom und Konzertdiplom abschloss. Er ist Mitglied von verschiedenen Kammerorchestern, wie z.B. des Ensemble le Ph\u00e9nix und war f\u00fcr viele Jahre Solocellist in der Kammerphilharmonie Graub\u00fcnden. Mit seiner musikalischen Auffassung und seinem Optimismus reisst er uns mit und gemeinsam erleben wir musikalische H\u00f6hen, die uns anspornen, uns noch weiter zu entwickeln. Seine Gabe, uns zu einer Einheit zu formen, l\u00e4sst uns alle zusammenhalten und nur so schaffen wir es, dass unsere Projekte immer wieder ein Erfolgserlebnis werden.<\/p>\n","protected":false},"excerpt":{"rendered":"<p>Der in Fidaz und Hinwil lebende Cellist Mathias Kleib\u00f6hmer leitet die Proben seit der Gr\u00fcndung des JOG &#8211; Junges Orchester Graub\u00fcnden. Er hilft uns, einen gemeinsamen Klang zu finden und unsere Intonation und Artikulation zu verbessern. Seine vielen Erfahrungen, die er bereits sammeln konnte, gibt er uns weiter und sorgt daf\u00fcr dass wir durch kleinere &hellip; <\/p>\n<p class=\"link-more\"><a href=\"https:\/\/jogr.ch\/index.php\/unser-dirigent\/\" class=\"more-link\"><span class=\"screen-reader-text\">&#171;Unser Dirigent&#187;<\/span> weiterlesen<\/a><\/p>\n","protected":false},"author":1,"featured_media":0,"parent":0,"menu_order":0,"comment_status":"closed","ping_status":"closed","template":"","meta":{"footnotes":""},"class_list":["post-20","page","type-page","status-publish","hentry"],"_links":{"self":[{"href":"https:\/\/jogr.ch\/index.php\/wp-json\/wp\/v2\/pages\/20","targetHints":{"allow":["GET"]}}],"collection":[{"href":"https:\/\/jogr.ch\/index.php\/wp-json\/wp\/v2\/pages"}],"about":[{"href":"https:\/\/jogr.ch\/index.php\/wp-json\/wp\/v2\/types\/page"}],"author":[{"embeddable":true,"href":"https:\/\/jogr.ch\/index.php\/wp-json\/wp\/v2\/users\/1"}],"replies":[{"embeddable":true,"href":"https:\/\/jogr.ch\/index.php\/wp-json\/wp\/v2\/comments?post=20"}],"version-history":[{"count":2,"href":"https:\/\/jogr.ch\/index.php\/wp-json\/wp\/v2\/pages\/20\/revisions"}],"predecessor-version":[{"id":83,"href":"https:\/\/jogr.ch\/index.php\/wp-json\/wp\/v2\/pages\/20\/revisions\/83"}],"wp:attachment":[{"href":"https:\/\/jogr.ch\/index.php\/wp-json\/wp\/v2\/media?parent=20"}],"curies":[{"name":"wp","href":"https:\/\/api.w.org\/{rel}","templated":true}]}}