{"id":2,"date":"2022-08-21T07:53:41","date_gmt":"2022-08-21T07:53:41","guid":{"rendered":"http:\/\/164.92.175.95\/?page_id=2"},"modified":"2025-05-10T05:49:41","modified_gmt":"2025-05-10T05:49:41","slug":"sample-page","status":"publish","type":"page","link":"https:\/\/jogr.ch\/","title":{"rendered":"Willkommen!"},"content":{"rendered":"\n<p>Seit der Gr\u00fcndung im Jahr 2008 treffen sich junge Musikerinnen und Musiker aus dem ganzen Kanton in Chur um ihre Freude an der klassischen Musik und dem &#171;Miteinander&#187;&nbsp;zu teilen. Unter der Leitung von Mathias Kleib\u00f6hmer entdecken sie zusammen die riesige Welt der klassischen und modernen Orchesterwerke. Die Programme des Jungen Orchester Graub\u00fcnden sind sehr vielf\u00e4ltig und reichen von barocken Suiten hin bis zu dichten modernen Kl\u00e4ngen.<\/p>\n\n\n\n<p>Mit Enthusiasmus, einer wachen Interpretation und einem spannenden, mitreissenden Programm m\u00f6chte das JOG seine Zuh\u00f6rer begeistern und sich musikalisch weiterentwickeln.<\/p>\n\n\n\n<p>Wir spielen bald wieder Konzerte!<\/p>\n\n\n\n<p>Mehr Infos findest du <a href=\"https:\/\/jogr.ch\/index.php\/konzerte\/\">hier<\/a>.<\/p>\n\n\n<ul class=\"wp-block-page-list\"><li class=\"wp-block-pages-list__item\"><a class=\"wp-block-pages-list__item__link\" href=\"https:\/\/jogr.ch\/index.php\/downloads\/\">Downloads<\/a><\/li><li class=\"wp-block-pages-list__item\"><a class=\"wp-block-pages-list__item__link\" href=\"https:\/\/jogr.ch\/index.php\/erlebnisberichte\/\">Erlebnisberichte<\/a><\/li><li class=\"wp-block-pages-list__item\"><a class=\"wp-block-pages-list__item__link\" href=\"https:\/\/jogr.ch\/index.php\/impressionen\/\">Impressionen<\/a><\/li><li class=\"wp-block-pages-list__item\"><a class=\"wp-block-pages-list__item__link\" href=\"https:\/\/jogr.ch\/index.php\/intern\/\">Intern<\/a><\/li><li class=\"wp-block-pages-list__item\"><a class=\"wp-block-pages-list__item__link\" href=\"https:\/\/jogr.ch\/index.php\/kontakt\/\">Kontakt<\/a><\/li><li class=\"wp-block-pages-list__item\"><a class=\"wp-block-pages-list__item__link\" href=\"https:\/\/jogr.ch\/index.php\/konzerte\/\">Konzerte<\/a><\/li><li class=\"wp-block-pages-list__item\"><a class=\"wp-block-pages-list__item__link\" href=\"https:\/\/jogr.ch\/index.php\/orchesterorganisation\/\">Orchesterorganisation<\/a><\/li><li class=\"wp-block-pages-list__item\"><a class=\"wp-block-pages-list__item__link\" href=\"https:\/\/jogr.ch\/index.php\/pressespiegel\/\">Pressespiegel<\/a><\/li><li class=\"wp-block-pages-list__item\"><a class=\"wp-block-pages-list__item__link\" href=\"https:\/\/jogr.ch\/index.php\/uber-uns\/\">\u00dcber uns<\/a><\/li><li class=\"wp-block-pages-list__item\"><a class=\"wp-block-pages-list__item__link\" href=\"https:\/\/jogr.ch\/index.php\/unser-dirigent\/\">Unser Dirigent<\/a><\/li><li class=\"wp-block-pages-list__item\"><a class=\"wp-block-pages-list__item__link\" href=\"https:\/\/jogr.ch\/index.php\/unterstutzung\/\">Unterst\u00fctzung<\/a><\/li><li class=\"wp-block-pages-list__item menu-item-home\"><a class=\"wp-block-pages-list__item__link\" href=\"https:\/\/jogr.ch\/\">Willkommen!<\/a><\/li><\/ul>\n\n\n<p>Wir freuen uns!<\/p>\n\n\n\n<p><\/p>\n","protected":false},"excerpt":{"rendered":"<p>Seit der Gr\u00fcndung im Jahr 2008 treffen sich junge Musikerinnen und Musiker aus dem ganzen Kanton in Chur um ihre Freude an der klassischen Musik und dem &#171;Miteinander&#187;&nbsp;zu teilen. Unter der Leitung von Mathias Kleib\u00f6hmer entdecken sie zusammen die riesige Welt der klassischen und modernen Orchesterwerke. Die Programme des Jungen Orchester Graub\u00fcnden sind sehr vielf\u00e4ltig &hellip; <\/p>\n<p class=\"link-more\"><a href=\"https:\/\/jogr.ch\/\" class=\"more-link\"><span class=\"screen-reader-text\">&#171;Willkommen!&#187;<\/span> weiterlesen<\/a><\/p>\n","protected":false},"author":1,"featured_media":346,"parent":0,"menu_order":0,"comment_status":"closed","ping_status":"open","template":"sidebar-page.php","meta":{"footnotes":""},"class_list":["post-2","page","type-page","status-publish","has-post-thumbnail","hentry"],"_links":{"self":[{"href":"https:\/\/jogr.ch\/index.php\/wp-json\/wp\/v2\/pages\/2","targetHints":{"allow":["GET"]}}],"collection":[{"href":"https:\/\/jogr.ch\/index.php\/wp-json\/wp\/v2\/pages"}],"about":[{"href":"https:\/\/jogr.ch\/index.php\/wp-json\/wp\/v2\/types\/page"}],"author":[{"embeddable":true,"href":"https:\/\/jogr.ch\/index.php\/wp-json\/wp\/v2\/users\/1"}],"replies":[{"embeddable":true,"href":"https:\/\/jogr.ch\/index.php\/wp-json\/wp\/v2\/comments?post=2"}],"version-history":[{"count":14,"href":"https:\/\/jogr.ch\/index.php\/wp-json\/wp\/v2\/pages\/2\/revisions"}],"predecessor-version":[{"id":340,"href":"https:\/\/jogr.ch\/index.php\/wp-json\/wp\/v2\/pages\/2\/revisions\/340"}],"wp:featuredmedia":[{"embeddable":true,"href":"https:\/\/jogr.ch\/index.php\/wp-json\/wp\/v2\/media\/346"}],"wp:attachment":[{"href":"https:\/\/jogr.ch\/index.php\/wp-json\/wp\/v2\/media?parent=2"}],"curies":[{"name":"wp","href":"https:\/\/api.w.org\/{rel}","templated":true}]}}