{"id":17,"date":"2022-08-21T08:14:03","date_gmt":"2022-08-21T08:14:03","guid":{"rendered":"http:\/\/164.92.175.95\/?page_id=17"},"modified":"2025-11-03T17:14:11","modified_gmt":"2025-11-03T17:14:11","slug":"orchesterorganisation","status":"publish","type":"page","link":"https:\/\/jogr.ch\/index.php\/orchesterorganisation\/","title":{"rendered":"Orchesterorganisation"},"content":{"rendered":"\n<div class=\"wp-block-group\"><div class=\"wp-block-group__inner-container is-layout-constrained wp-block-group-is-layout-constrained\">\n<p><\/p>\n<\/div><\/div>\n\n\n\n<p>Wir nutzen dieses Projekt nicht nur um zu lernen, wie man in einem Orchester spielt, sondern auch wie die Organisation eines Orchesters funktioniert. Mathias Kleib\u00f6hmer war es wichtig, dass wir so viele Aufgaben wie m\u00f6glich auf die Mitspielenden verteilen und somit einen Einblick in administrative Bereiche erhalten.&nbsp;<\/p>\n\n\n\n<figure class=\"wp-block-image size-full\"><img loading=\"lazy\" decoding=\"async\" width=\"2560\" height=\"1440\" src=\"https:\/\/jogr.ch\/wp-content\/uploads\/2024\/08\/IMG_5017-scaled.jpeg\" alt=\"\" class=\"wp-image-276\" srcset=\"https:\/\/jogr.ch\/wp-content\/uploads\/2024\/08\/IMG_5017-scaled.jpeg 2560w, https:\/\/jogr.ch\/wp-content\/uploads\/2024\/08\/IMG_5017-300x169.jpeg 300w, https:\/\/jogr.ch\/wp-content\/uploads\/2024\/08\/IMG_5017-1024x576.jpeg 1024w, https:\/\/jogr.ch\/wp-content\/uploads\/2024\/08\/IMG_5017-768x432.jpeg 768w, https:\/\/jogr.ch\/wp-content\/uploads\/2024\/08\/IMG_5017-1536x864.jpeg 1536w, https:\/\/jogr.ch\/wp-content\/uploads\/2024\/08\/IMG_5017-2048x1152.jpeg 2048w\" sizes=\"auto, (max-width: 767px) 89vw, (max-width: 1000px) 54vw, (max-width: 1071px) 543px, 580px\" \/><figcaption class=\"wp-element-caption\">Konzert Valendas 2024<\/figcaption><\/figure>\n\n\n\n<p>Die verschiedenen Gebiete wie zum Beispiel Finanzen, Sponsorensuche und das Erstellen des Orchesterdossiers sowie St\u00fcckauswahl und Notenverwaltung, Betreuung der Website, Pressearbeiten, die optische Corporate Identity, die Proberaum- und Konzertsaalorganisation und Werbung und nicht zuletzt die Organisation von einem &#171;Zn\u00fcni&#187; f\u00fcr die Wochenendproben und Blumen f\u00fcr die Solisten und\/oder den Dirigenten wurden auf uns alle verteilt. Da die meisten unter uns jedoch noch nie solche Aufgaben zu bew\u00e4ltigen hatten, hilft uns Mathias Kleib\u00f6hmer mit seinen Erfahrungen nicht nur musikalisch sondern auch organisatorisch weiter und sorgt daf\u00fcr, dass wir mit Spass unsere Projekte vollenden k\u00f6nnen.<\/p>\n\n\n\n<p><\/p>\n\n\n\n<div class=\"wp-block-group\"><div class=\"wp-block-group__inner-container is-layout-constrained wp-block-group-is-layout-constrained\">\n<h1 class=\"wp-block-heading has-medium-font-size\"><strong>Unser Vorstand<\/strong><\/h1>\n<\/div><\/div>\n\n\n\n<p class=\"has-text-align-left\"><strong>Fiona von Burg<\/strong>, Projektorganisation<\/p>\n\n\n\n<p><strong>Annika Wittmann<\/strong>, Mitgliederbetreuung, Projektorganisation<\/p>\n\n\n\n<p><strong>Ira Schweizer<\/strong>, Finanzen<\/p>\n\n\n\n<p><strong>Andri Meyer<\/strong>, \u00d6ffentlichkeitsarbeit, Projektorganisation<\/p>\n\n\n\n<p><strong>Mathias Kleib\u00f6hmer<\/strong>, Musikalische Leitung<\/p>\n","protected":false},"excerpt":{"rendered":"<p>Wir nutzen dieses Projekt nicht nur um zu lernen, wie man in einem Orchester spielt, sondern auch wie die Organisation eines Orchesters funktioniert. Mathias Kleib\u00f6hmer war es wichtig, dass wir so viele Aufgaben wie m\u00f6glich auf die Mitspielenden verteilen und somit einen Einblick in administrative Bereiche erhalten.&nbsp; Die verschiedenen Gebiete wie zum Beispiel Finanzen, Sponsorensuche &hellip; <\/p>\n<p class=\"link-more\"><a href=\"https:\/\/jogr.ch\/index.php\/orchesterorganisation\/\" class=\"more-link\"><span class=\"screen-reader-text\">&#171;Orchesterorganisation&#187;<\/span> weiterlesen<\/a><\/p>\n","protected":false},"author":1,"featured_media":383,"parent":0,"menu_order":0,"comment_status":"closed","ping_status":"closed","template":"","meta":{"footnotes":""},"class_list":["post-17","page","type-page","status-publish","has-post-thumbnail","hentry"],"_links":{"self":[{"href":"https:\/\/jogr.ch\/index.php\/wp-json\/wp\/v2\/pages\/17","targetHints":{"allow":["GET"]}}],"collection":[{"href":"https:\/\/jogr.ch\/index.php\/wp-json\/wp\/v2\/pages"}],"about":[{"href":"https:\/\/jogr.ch\/index.php\/wp-json\/wp\/v2\/types\/page"}],"author":[{"embeddable":true,"href":"https:\/\/jogr.ch\/index.php\/wp-json\/wp\/v2\/users\/1"}],"replies":[{"embeddable":true,"href":"https:\/\/jogr.ch\/index.php\/wp-json\/wp\/v2\/comments?post=17"}],"version-history":[{"count":8,"href":"https:\/\/jogr.ch\/index.php\/wp-json\/wp\/v2\/pages\/17\/revisions"}],"predecessor-version":[{"id":376,"href":"https:\/\/jogr.ch\/index.php\/wp-json\/wp\/v2\/pages\/17\/revisions\/376"}],"wp:featuredmedia":[{"embeddable":true,"href":"https:\/\/jogr.ch\/index.php\/wp-json\/wp\/v2\/media\/383"}],"wp:attachment":[{"href":"https:\/\/jogr.ch\/index.php\/wp-json\/wp\/v2\/media?parent=17"}],"curies":[{"name":"wp","href":"https:\/\/api.w.org\/{rel}","templated":true}]}}